{"id":36,"date":"2019-06-16T04:27:11","date_gmt":"2019-06-16T04:27:11","guid":{"rendered":"https:\/\/vshirtenberg.ac.at\/?page_id=36"},"modified":"2025-11-03T15:46:31","modified_gmt":"2025-11-03T15:46:31","slug":"elternverein","status":"publish","type":"page","link":"https:\/\/vshirtenberg.ac.at\/?page_id=36","title":{"rendered":"Elternverein"},"content":{"rendered":"\n<figure class=\"wp-block-image size-large\"><img loading=\"lazy\" decoding=\"async\" width=\"1024\" height=\"731\" src=\"https:\/\/vshirtenberg.ac.at\/wp-content\/uploads\/2025\/11\/R3-043r-1024x731.jpg\" alt=\"\" class=\"wp-image-2336\" srcset=\"https:\/\/vshirtenberg.ac.at\/wp-content\/uploads\/2025\/11\/R3-043r-1024x731.jpg 1024w, https:\/\/vshirtenberg.ac.at\/wp-content\/uploads\/2025\/11\/R3-043r-300x214.jpg 300w, https:\/\/vshirtenberg.ac.at\/wp-content\/uploads\/2025\/11\/R3-043r-768x548.jpg 768w, https:\/\/vshirtenberg.ac.at\/wp-content\/uploads\/2025\/11\/R3-043r-1536x1096.jpg 1536w, https:\/\/vshirtenberg.ac.at\/wp-content\/uploads\/2025\/11\/R3-043r-2048x1461.jpg 2048w, https:\/\/vshirtenberg.ac.at\/wp-content\/uploads\/2025\/11\/R3-043r-600x428.jpg 600w, https:\/\/vshirtenberg.ac.at\/wp-content\/uploads\/2025\/11\/R3-043r-945x674.jpg 945w\" sizes=\"auto, (max-width: 1024px) 100vw, 1024px\" \/><\/figure>\n\n\n\n<h2 class=\"wp-block-heading\"> Ziele des Elternvereins <\/h2>\n\n\n\n<p>\n\nDer Elternverein ist die Interessensvertretung der Sch\u00fcler und der Eltern gegen\u00fcber der Schule und der \u00d6ffentlichkeit. Er dient als Plattform f\u00fcr Meinungsaustausch, Information und Ideenfindung.\n\n<\/p>\n\n\n\n<p>\n\nWesentliches Ziel des Elternvereines ist es, F\u00f6rderer der Schule und deren Sch\u00fcler zu sein. Das hei\u00dft, wir wollen versuchen, unseren Kindern unter Mithilfe der Lehrer ein vielf\u00e4ltiges Angebot an Veranstaltungen und Exkursionen zu bieten. Diverse Aktivit\u00e4ten, Vortr\u00e4ge und die Organisation gemeinsamer Feste runden den Aufgabenbereich des Elternvereines ab. Wir tragen damit einen Teil zur Entwicklung und Bildung unserer Kinder bei.\n\n<\/p>\n\n\n\n<p>\n\nBei dieser gro\u00dfen Aufgabe sind wir, der Vorstand des Elternvereines, daher auch auf die Mithilfe jedes Einzelnen angewiesen, sei es durch den j\u00e4hrlichen Beitrag oder durch tatkr\u00e4ftige Unterst\u00fctzung.\n\n<\/p>\n\n\n\n<figure class=\"wp-block-image size-large\"><img loading=\"lazy\" decoding=\"async\" width=\"1024\" height=\"662\" src=\"https:\/\/vshirtenberg.ac.at\/wp-content\/uploads\/2023\/09\/logo-022-1024x662.png\" alt=\"\" class=\"wp-image-1395\" srcset=\"https:\/\/vshirtenberg.ac.at\/wp-content\/uploads\/2023\/09\/logo-022-1024x662.png 1024w, https:\/\/vshirtenberg.ac.at\/wp-content\/uploads\/2023\/09\/logo-022-300x194.png 300w, https:\/\/vshirtenberg.ac.at\/wp-content\/uploads\/2023\/09\/logo-022-768x496.png 768w, https:\/\/vshirtenberg.ac.at\/wp-content\/uploads\/2023\/09\/logo-022-1536x992.png 1536w, https:\/\/vshirtenberg.ac.at\/wp-content\/uploads\/2023\/09\/logo-022-2048x1323.png 2048w, https:\/\/vshirtenberg.ac.at\/wp-content\/uploads\/2023\/09\/logo-022-600x388.png 600w, https:\/\/vshirtenberg.ac.at\/wp-content\/uploads\/2023\/09\/logo-022-945x611.png 945w\" sizes=\"auto, (max-width: 1024px) 100vw, 1024px\" \/><\/figure>\n\n\n\n<h2 class=\"wp-block-heading\">Vorstand des Elternvereins<\/h2>\n\n\n\n<figure class=\"wp-block-table\"><table><tbody><tr><td>Obfrau:<\/td><td>Hasija Jatic<\/td><\/tr><tr><td>Obfrau Stv.:<\/td><td>Christine Valtchev<\/td><\/tr><tr><td>Kassier:<\/td><td>Roxana Sabou-Dan<\/td><\/tr><tr><td>Kassier Stv.:<\/td><td>Isabella Herzog<\/td><\/tr><tr><td>Schriftf\u00fchrer:<\/td><td>Martina W\u00f6hrer<\/td><\/tr><tr><td>Schriftf\u00fchrer Stv.:<\/td><td>Diana Steinhofer<\/td><\/tr><tr><td>Rechnungspr\u00fcferin:<\/td><td>Laura Berisha<\/td><\/tr><\/tbody><\/table><\/figure>\n","protected":false},"excerpt":{"rendered":"<p>Ziele des Elternvereins Der Elternverein ist die Interessensvertretung der Sch\u00fcler und der Eltern gegen\u00fcber der Schule und der \u00d6ffentlichkeit. Er dient als Plattform f\u00fcr Meinungsaustausch, Information und Ideenfindung. Wesentliches Ziel des Elternvereines ist es, F\u00f6rderer der Schule und deren Sch\u00fcler&#8230; <a class=\"more-link\" href=\"https:\/\/vshirtenberg.ac.at\/?page_id=36\">Weiterlesen &rarr;<\/a><\/p>\n","protected":false},"author":1,"featured_media":0,"parent":20,"menu_order":0,"comment_status":"closed","ping_status":"closed","template":"","meta":{"footnotes":""},"class_list":["post-36","page","type-page","status-publish","hentry"],"_links":{"self":[{"href":"https:\/\/vshirtenberg.ac.at\/index.php?rest_route=\/wp\/v2\/pages\/36","targetHints":{"allow":["GET"]}}],"collection":[{"href":"https:\/\/vshirtenberg.ac.at\/index.php?rest_route=\/wp\/v2\/pages"}],"about":[{"href":"https:\/\/vshirtenberg.ac.at\/index.php?rest_route=\/wp\/v2\/types\/page"}],"author":[{"embeddable":true,"href":"https:\/\/vshirtenberg.ac.at\/index.php?rest_route=\/wp\/v2\/users\/1"}],"replies":[{"embeddable":true,"href":"https:\/\/vshirtenberg.ac.at\/index.php?rest_route=%2Fwp%2Fv2%2Fcomments&post=36"}],"version-history":[{"count":12,"href":"https:\/\/vshirtenberg.ac.at\/index.php?rest_route=\/wp\/v2\/pages\/36\/revisions"}],"predecessor-version":[{"id":2369,"href":"https:\/\/vshirtenberg.ac.at\/index.php?rest_route=\/wp\/v2\/pages\/36\/revisions\/2369"}],"up":[{"embeddable":true,"href":"https:\/\/vshirtenberg.ac.at\/index.php?rest_route=\/wp\/v2\/pages\/20"}],"wp:attachment":[{"href":"https:\/\/vshirtenberg.ac.at\/index.php?rest_route=%2Fwp%2Fv2%2Fmedia&parent=36"}],"curies":[{"name":"wp","href":"https:\/\/api.w.org\/{rel}","templated":true}]}}